{"id":4246,"date":"2014-12-08T22:02:41","date_gmt":"2014-12-08T21:02:41","guid":{"rendered":"https:\/\/www.retrofrajda.pl\/product\/uncategorized\/orange-juice-2\/"},"modified":"2020-12-28T15:03:06","modified_gmt":"2020-12-28T14:03:06","slug":"orange-juice-2","status":"publish","type":"product","link":"https:\/\/www.retrofrajda.pl\/en\/product\/uncategorised\/orange-juice-2\/","title":{"rendered":"Orange Juice"},"content":{"rendered":"<ul>\n<li>Retro fotel klubowy<\/li>\n<li>Doskonale wykonany na podstawie stabilnego stela\u017cu, wygodne siedzisko na spr\u0119\u017cynach<\/li>\n<li>Mebel obity mi\u0119kkim morelowym materia\u0142em wysokiej jako\u015bci<\/li>\n<li>Oryginalny i unikatowy<\/li>\n<li>Serdecznie polecam<\/li>\n<\/ul>\n","protected":false},"excerpt":{"rendered":"<p>Retro fotel klubowy Doskonale wykonany na podstawie stabilnego stela\u017cu, wygodne siedzisko na spr\u0119\u017cynach Mebel obity mi\u0119kkim morelowym materia\u0142em wysokiej jako\u015bci Oryginalny i unikatowy Serdecznie polecam<\/p>\n","protected":false},"featured_media":1871,"comment_status":"closed","ping_status":"closed","template":"","meta":[],"_links":{"self":[{"href":"https:\/\/www.retrofrajda.pl\/en\/wp-json\/wp\/v2\/product\/4246"}],"collection":[{"href":"https:\/\/www.retrofrajda.pl\/en\/wp-json\/wp\/v2\/product"}],"about":[{"href":"https:\/\/www.retrofrajda.pl\/en\/wp-json\/wp\/v2\/types\/product"}],"replies":[{"embeddable":true,"href":"https:\/\/www.retrofrajda.pl\/en\/wp-json\/wp\/v2\/comments?post=4246"}],"wp:featuredmedia":[{"embeddable":true,"href":"https:\/\/www.retrofrajda.pl\/en\/wp-json\/wp\/v2\/media\/1871"}],"wp:attachment":[{"href":"https:\/\/www.retrofrajda.pl\/en\/wp-json\/wp\/v2\/media?parent=4246"}],"curies":[{"name":"wp","href":"https:\/\/api.w.org\/{rel}","templated":true}]}}