{"id":1970,"date":"2014-12-03T16:25:53","date_gmt":"2014-12-03T15:25:53","guid":{"rendered":"http:\/\/www.retrofrajda.pl\/product\/uncategorized\/inky-2\/"},"modified":"2020-12-28T16:50:18","modified_gmt":"2020-12-28T15:50:18","slug":"inky-2","status":"publish","type":"product","link":"https:\/\/www.retrofrajda.pl\/en\/product\/armchairs\/inky-2\/","title":{"rendered":"Inky"},"content":{"rendered":"<ul>\n<li>Fotel retro niemiecki design lata 50-60<\/li>\n<li>po kompleksowej renowacji<\/li>\n<li>stan idealny<\/li>\n<li>wysokogatunkowa tkanina<\/li>\n<li>bardzo wygodny<\/li>\n<li>rozmiary: wysoko\u015b\u0107: 72cm, szeroko\u015b\u0107 56cm<\/li>\n<\/ul>\n","protected":false},"excerpt":{"rendered":"<p>Fotel retro niemiecki design lata 50-60 po kompleksowej renowacji stan idealny wysokogatunkowa tkanina bardzo wygodny rozmiary: wysoko\u015b\u0107: 72cm, szeroko\u015b\u0107 56cm<\/p>\n","protected":false},"featured_media":1619,"comment_status":"closed","ping_status":"closed","template":"","meta":[],"_links":{"self":[{"href":"https:\/\/www.retrofrajda.pl\/en\/wp-json\/wp\/v2\/product\/1970"}],"collection":[{"href":"https:\/\/www.retrofrajda.pl\/en\/wp-json\/wp\/v2\/product"}],"about":[{"href":"https:\/\/www.retrofrajda.pl\/en\/wp-json\/wp\/v2\/types\/product"}],"replies":[{"embeddable":true,"href":"https:\/\/www.retrofrajda.pl\/en\/wp-json\/wp\/v2\/comments?post=1970"}],"wp:featuredmedia":[{"embeddable":true,"href":"https:\/\/www.retrofrajda.pl\/en\/wp-json\/wp\/v2\/media\/1619"}],"wp:attachment":[{"href":"https:\/\/www.retrofrajda.pl\/en\/wp-json\/wp\/v2\/media?parent=1970"}],"curies":[{"name":"wp","href":"https:\/\/api.w.org\/{rel}","templated":true}]}}