{"id":1967,"date":"2014-12-03T16:28:36","date_gmt":"2014-12-03T15:28:36","guid":{"rendered":"http:\/\/www.retrofrajda.pl\/product\/uncategorized\/noble-dane\/"},"modified":"2020-12-28T16:49:31","modified_gmt":"2020-12-28T15:49:31","slug":"noble-dane","status":"publish","type":"product","link":"https:\/\/www.retrofrajda.pl\/en\/product\/armchairs\/noble-dane\/","title":{"rendered":"Noble Dane"},"content":{"rendered":"<ul>\n<li>Typowy du\u0144ski uszak, oryginalny stela\u017c i wysokogatunkowa szara tkanina &#8211; elegancka i \u0142atwa w utrzymaniu.<\/li>\n<li>Bardzo wygodne siedzisko wykonane tradycyjnie na mocnych spr\u0119\u017cynach. Serdecznie polecam.<\/li>\n<li>Rozmiary: wysoko\u015b\u0107: 105cm, szeroko\u015b\u0107 70cm<\/li>\n<\/ul>\n","protected":false},"excerpt":{"rendered":"<p>Typowy du\u0144ski uszak, oryginalny stela\u017c i wysokogatunkowa szara tkanina &#8211; elegancka i \u0142atwa w utrzymaniu. Bardzo wygodne siedzisko wykonane tradycyjnie na mocnych spr\u0119\u017cynach. Serdecznie polecam. Rozmiary: wysoko\u015b\u0107: 105cm, szeroko\u015b\u0107 70cm<\/p>\n","protected":false},"featured_media":1625,"comment_status":"closed","ping_status":"closed","template":"","meta":[],"_links":{"self":[{"href":"https:\/\/www.retrofrajda.pl\/en\/wp-json\/wp\/v2\/product\/1967"}],"collection":[{"href":"https:\/\/www.retrofrajda.pl\/en\/wp-json\/wp\/v2\/product"}],"about":[{"href":"https:\/\/www.retrofrajda.pl\/en\/wp-json\/wp\/v2\/types\/product"}],"replies":[{"embeddable":true,"href":"https:\/\/www.retrofrajda.pl\/en\/wp-json\/wp\/v2\/comments?post=1967"}],"wp:featuredmedia":[{"embeddable":true,"href":"https:\/\/www.retrofrajda.pl\/en\/wp-json\/wp\/v2\/media\/1625"}],"wp:attachment":[{"href":"https:\/\/www.retrofrajda.pl\/en\/wp-json\/wp\/v2\/media?parent=1967"}],"curies":[{"name":"wp","href":"https:\/\/api.w.org\/{rel}","templated":true}]}}