{"id":1922,"date":"2014-12-08T21:56:08","date_gmt":"2014-12-08T20:56:08","guid":{"rendered":"http:\/\/www.retrofrajda.pl\/uncategorized\/chess\/chess\/"},"modified":"2020-12-28T16:48:14","modified_gmt":"2020-12-28T15:48:14","slug":"chess","status":"publish","type":"product","link":"https:\/\/www.retrofrajda.pl\/en\/product\/armchairs\/chess\/","title":{"rendered":"Chess"},"content":{"rendered":"<ul>\n<li>Stylowe klasyczne krzes\u0142o z oryginaln\u0105 sygnatur\u0105 firmy Casala<\/li>\n<li>Idealnie wykonany mebel z nowoczesnej tkaniny w pepitk\u0119<\/li>\n<li>Serdecznie polecam<\/li>\n<\/ul>\n","protected":false},"excerpt":{"rendered":"<p>Stylowe klasyczne krzes\u0142o z oryginaln\u0105 sygnatur\u0105 firmy Casala Idealnie wykonany mebel z nowoczesnej tkaniny w pepitk\u0119 Serdecznie polecam<\/p>\n","protected":false},"featured_media":1833,"comment_status":"closed","ping_status":"closed","template":"","meta":[],"_links":{"self":[{"href":"https:\/\/www.retrofrajda.pl\/en\/wp-json\/wp\/v2\/product\/1922"}],"collection":[{"href":"https:\/\/www.retrofrajda.pl\/en\/wp-json\/wp\/v2\/product"}],"about":[{"href":"https:\/\/www.retrofrajda.pl\/en\/wp-json\/wp\/v2\/types\/product"}],"replies":[{"embeddable":true,"href":"https:\/\/www.retrofrajda.pl\/en\/wp-json\/wp\/v2\/comments?post=1922"}],"wp:featuredmedia":[{"embeddable":true,"href":"https:\/\/www.retrofrajda.pl\/en\/wp-json\/wp\/v2\/media\/1833"}],"wp:attachment":[{"href":"https:\/\/www.retrofrajda.pl\/en\/wp-json\/wp\/v2\/media?parent=1922"}],"curies":[{"name":"wp","href":"https:\/\/api.w.org\/{rel}","templated":true}]}}