{"id":1921,"date":"2014-12-08T21:59:21","date_gmt":"2014-12-08T20:59:21","guid":{"rendered":"http:\/\/www.retrofrajda.pl\/uncategorized\/grasshopper-2\/grasshopper-2\/"},"modified":"2020-12-28T16:47:30","modified_gmt":"2020-12-28T15:47:30","slug":"grasshopper-2","status":"publish","type":"product","link":"https:\/\/www.retrofrajda.pl\/en\/product\/armchairs\/grasshopper-2\/","title":{"rendered":"Grasshopper"},"content":{"rendered":"<ul>\n<li>Oryginalny fotel biurowy<\/li>\n<li>Doskona\u0142y przyk\u0142ad niemieckiego designu z lat 70-tych<\/li>\n<li>Bukowa stolarka w stanie idealnym<\/li>\n<li>Praktyczny materia\u0142 i wygodne siedzisko<\/li>\n<li>Serdecznie polecam<\/li>\n<\/ul>\n","protected":false},"excerpt":{"rendered":"<p>Oryginalny fotel biurowy Doskona\u0142y przyk\u0142ad niemieckiego designu z lat 70-tych Bukowa stolarka w stanie idealnym Praktyczny materia\u0142 i wygodne siedzisko Serdecznie polecam<\/p>\n","protected":false},"featured_media":1845,"comment_status":"closed","ping_status":"closed","template":"","meta":[],"_links":{"self":[{"href":"https:\/\/www.retrofrajda.pl\/en\/wp-json\/wp\/v2\/product\/1921"}],"collection":[{"href":"https:\/\/www.retrofrajda.pl\/en\/wp-json\/wp\/v2\/product"}],"about":[{"href":"https:\/\/www.retrofrajda.pl\/en\/wp-json\/wp\/v2\/types\/product"}],"replies":[{"embeddable":true,"href":"https:\/\/www.retrofrajda.pl\/en\/wp-json\/wp\/v2\/comments?post=1921"}],"wp:featuredmedia":[{"embeddable":true,"href":"https:\/\/www.retrofrajda.pl\/en\/wp-json\/wp\/v2\/media\/1845"}],"wp:attachment":[{"href":"https:\/\/www.retrofrajda.pl\/en\/wp-json\/wp\/v2\/media?parent=1921"}],"curies":[{"name":"wp","href":"https:\/\/api.w.org\/{rel}","templated":true}]}}