{"id":4562,"date":"2015-02-04T11:49:11","date_gmt":"2015-02-04T10:49:11","guid":{"rendered":"https:\/\/www.retrofrajda.pl\/workshop\/tapicerowanie\/"},"modified":"2020-12-30T14:45:17","modified_gmt":"2020-12-30T13:45:17","slug":"upholstery","status":"publish","type":"page","link":"https:\/\/www.retrofrajda.pl\/en\/workshop\/upholstery\/","title":{"rendered":"Upholstery"},"content":{"rendered":"<p>Staranne wykonanie, dobrej jako\u015bci materia\u0142y i dba\u0142o\u015b\u0107 o detale \u2013 to baza wszystkich naszych tapicerskich realizacji. Reszta stanowi wachlarz nieograniczonych mo\u017cliwo\u015bci w \u0142\u0105czeniu faktur, wzor\u00f3w, kolor\u00f3w, nadruk\u00f3w i dodatk\u00f3w.<br \/>\nPosiadamy bogat\u0105 palet\u0119 wzornik\u00f3w materia\u0142\u00f3w obiciowych, kt\u00f3r\u0105 udost\u0119pniamy i wypo\u017cyczamy naszym Klientom. Wsp\u00f3\u0142pracujemy ze sprawdzonymi producentami tkanin z Polski i zagranicy. Jeste\u015bmy w stanie zrealizowa\u0107 skomplikowane zam\u00f3wienia z wykorzystaniem najr\u00f3\u017cniejszych materia\u0142\u00f3w. Na bie\u017c\u0105co \u015bledzimy wszystkie nowinki w \u015bwiecie architektury wn\u0119trz i ch\u0119tnie dzielimy si\u0119 wiedz\u0105.<\/p>\n","protected":false},"excerpt":{"rendered":"<p>Staranne wykonanie, dobrej jako\u015bci materia\u0142y i dba\u0142o\u015b\u0107 o detale \u2013 to baza wszystkich naszych tapicerskich realizacji. Reszta stanowi wachlarz nieograniczonych mo\u017cliwo\u015bci w \u0142\u0105czeniu faktur, wzor\u00f3w, kolor\u00f3w, nadruk\u00f3w i dodatk\u00f3w. Posiadamy bogat\u0105 palet\u0119 wzornik\u00f3w materia\u0142\u00f3w obiciowych, kt\u00f3r\u0105 udost\u0119pniamy i wypo\u017cyczamy naszym Klientom. Wsp\u00f3\u0142pracujemy ze sprawdzonymi producentami tkanin z Polski i zagranicy. Jeste\u015bmy w stanie zrealizowa\u0107 skomplikowane [&hellip;]<\/p>\n","protected":false},"author":1,"featured_media":0,"parent":2481,"menu_order":0,"comment_status":"closed","ping_status":"closed","template":"","meta":[],"_links":{"self":[{"href":"https:\/\/www.retrofrajda.pl\/en\/wp-json\/wp\/v2\/pages\/4562"}],"collection":[{"href":"https:\/\/www.retrofrajda.pl\/en\/wp-json\/wp\/v2\/pages"}],"about":[{"href":"https:\/\/www.retrofrajda.pl\/en\/wp-json\/wp\/v2\/types\/page"}],"author":[{"embeddable":true,"href":"https:\/\/www.retrofrajda.pl\/en\/wp-json\/wp\/v2\/users\/1"}],"replies":[{"embeddable":true,"href":"https:\/\/www.retrofrajda.pl\/en\/wp-json\/wp\/v2\/comments?post=4562"}],"version-history":[{"count":1,"href":"https:\/\/www.retrofrajda.pl\/en\/wp-json\/wp\/v2\/pages\/4562\/revisions"}],"predecessor-version":[{"id":4563,"href":"https:\/\/www.retrofrajda.pl\/en\/wp-json\/wp\/v2\/pages\/4562\/revisions\/4563"}],"up":[{"embeddable":true,"href":"https:\/\/www.retrofrajda.pl\/en\/wp-json\/wp\/v2\/pages\/2481"}],"wp:attachment":[{"href":"https:\/\/www.retrofrajda.pl\/en\/wp-json\/wp\/v2\/media?parent=4562"}],"curies":[{"name":"wp","href":"https:\/\/api.w.org\/{rel}","templated":true}]}}