{"id":4560,"date":"2015-02-04T10:28:49","date_gmt":"2015-02-04T09:28:49","guid":{"rendered":"https:\/\/www.retrofrajda.pl\/workshop\/renowacje\/"},"modified":"2020-12-30T14:43:44","modified_gmt":"2020-12-30T13:43:44","slug":"renovations","status":"publish","type":"page","link":"https:\/\/www.retrofrajda.pl\/en\/workshop\/renovations\/","title":{"rendered":"Renovations"},"content":{"rendered":"<p>W naszej pracowni meble i przedmioty zabytkowe, artystyczne, a tak\u017ce te sentymentalne przechodz\u0105 specjalistyczny proces renowacji, kt\u00f3rego zakres zawsze ustalamy indywidualnie. Korzystamy z materia\u0142\u00f3w i \u015brodk\u00f3w najwy\u017cszej jako\u015bci, aby Tw\u00f3j mebel przez d\u0142ugie lata wygl\u0105da\u0142<br \/>\ntak, jak w chwili odbioru. Stosowane przez nas techniki to m.in.:<br \/>\n&#8211; lakierowanie, woskowanie, olejowanie<br \/>\n&#8211; zmiana kolorystyki (malowanie, bejcowanie)<br \/>\n&#8211; uzupe\u0142nianie brakuj\u0105cych detali<br \/>\n&#8211; wzmacnianie konstrukcji<br \/>\n&#8211; eliminacja szkodnik\u00f3w<br \/>\n&#8211; bielenie, postarzanie, przecieranie (r\u00f3wnie\u017c metod\u0105 Schabby Chic)<br \/>\n&#8211; od\u015bwie\u017canie i czyszczenie przedmiot\u00f3w z metalu<br \/>\nOferta renowacji obejmuje meble, stolark\u0119 okienn\u0105 i drzwiow\u0105, a tak\u017ce przedmioty niestandardowe.<br \/>\nJe\u015bli wymaga tego Twoje zlecenie \u2013 wsp\u00f3\u0142pracujemy z rzemie\u015blnikami wielu innych profesji, dzi\u0119ki czemu nasza us\u0142uga jest kompleksowa.<\/p>\n","protected":false},"excerpt":{"rendered":"<p>W naszej pracowni meble i przedmioty zabytkowe, artystyczne, a tak\u017ce te sentymentalne przechodz\u0105 specjalistyczny proces renowacji, kt\u00f3rego zakres zawsze ustalamy indywidualnie. Korzystamy z materia\u0142\u00f3w i \u015brodk\u00f3w najwy\u017cszej jako\u015bci, aby Tw\u00f3j mebel przez d\u0142ugie lata wygl\u0105da\u0142 tak, jak w chwili odbioru. Stosowane przez nas techniki to m.in.: &#8211; lakierowanie, woskowanie, olejowanie &#8211; zmiana kolorystyki (malowanie, bejcowanie) [&hellip;]<\/p>\n","protected":false},"author":1,"featured_media":0,"parent":2481,"menu_order":0,"comment_status":"closed","ping_status":"closed","template":"","meta":[],"_links":{"self":[{"href":"https:\/\/www.retrofrajda.pl\/en\/wp-json\/wp\/v2\/pages\/4560"}],"collection":[{"href":"https:\/\/www.retrofrajda.pl\/en\/wp-json\/wp\/v2\/pages"}],"about":[{"href":"https:\/\/www.retrofrajda.pl\/en\/wp-json\/wp\/v2\/types\/page"}],"author":[{"embeddable":true,"href":"https:\/\/www.retrofrajda.pl\/en\/wp-json\/wp\/v2\/users\/1"}],"replies":[{"embeddable":true,"href":"https:\/\/www.retrofrajda.pl\/en\/wp-json\/wp\/v2\/comments?post=4560"}],"version-history":[{"count":1,"href":"https:\/\/www.retrofrajda.pl\/en\/wp-json\/wp\/v2\/pages\/4560\/revisions"}],"predecessor-version":[{"id":4561,"href":"https:\/\/www.retrofrajda.pl\/en\/wp-json\/wp\/v2\/pages\/4560\/revisions\/4561"}],"up":[{"embeddable":true,"href":"https:\/\/www.retrofrajda.pl\/en\/wp-json\/wp\/v2\/pages\/2481"}],"wp:attachment":[{"href":"https:\/\/www.retrofrajda.pl\/en\/wp-json\/wp\/v2\/media?parent=4560"}],"curies":[{"name":"wp","href":"https:\/\/api.w.org\/{rel}","templated":true}]}}