{"id":4555,"date":"2015-02-04T11:47:30","date_gmt":"2015-02-04T10:47:30","guid":{"rendered":"https:\/\/www.retrofrajda.pl\/workshop\/przetwornia\/"},"modified":"2020-12-30T14:42:08","modified_gmt":"2020-12-30T13:42:08","slug":"processing-plant","status":"publish","type":"page","link":"https:\/\/www.retrofrajda.pl\/en\/workshop\/processing-plant\/","title":{"rendered":"Processing Plant"},"content":{"rendered":"<p>To przestrze\u0144, w kt\u00f3rej eksperymentujemy poszukuj\u0105c nowych funkcji i zastosowa\u0144 dla starych mebli, sprz\u0119t\u00f3w i materia\u0142\u00f3w. Bliskie s\u0105 nam idee upcyclingu, przerabiania zamiast kupowania, otaczania si\u0119 przedmiotami niepowtarzalnymi, kt\u00f3re buduj\u0105 indywidualny charakter wn\u0119trza i \u015bwiadcz\u0105 o kreatywno\u015bci w\u0142a\u015bciciela.<br \/>\nPomo\u017cemy znale\u017a\u0107 nowe zastosowanie dla Twoich niepotrzebnych rzeczy, a Ty zyskasz przedmiot jedyny w swoim rodzaju. Znajdziemy to, czego szukasz, aby zrealizowa\u0107 w\u0142asny pomys\u0142 na oryginalny akcent w Twoim mieszkaniu.<\/p>\n","protected":false},"excerpt":{"rendered":"<p>To przestrze\u0144, w kt\u00f3rej eksperymentujemy poszukuj\u0105c nowych funkcji i zastosowa\u0144 dla starych mebli, sprz\u0119t\u00f3w i materia\u0142\u00f3w. Bliskie s\u0105 nam idee upcyclingu, przerabiania zamiast kupowania, otaczania si\u0119 przedmiotami niepowtarzalnymi, kt\u00f3re buduj\u0105 indywidualny charakter wn\u0119trza i \u015bwiadcz\u0105 o kreatywno\u015bci w\u0142a\u015bciciela. Pomo\u017cemy znale\u017a\u0107 nowe zastosowanie dla Twoich niepotrzebnych rzeczy, a Ty zyskasz przedmiot jedyny w swoim rodzaju. Znajdziemy [&hellip;]<\/p>\n","protected":false},"author":1,"featured_media":0,"parent":2481,"menu_order":0,"comment_status":"closed","ping_status":"closed","template":"","meta":[],"_links":{"self":[{"href":"https:\/\/www.retrofrajda.pl\/en\/wp-json\/wp\/v2\/pages\/4555"}],"collection":[{"href":"https:\/\/www.retrofrajda.pl\/en\/wp-json\/wp\/v2\/pages"}],"about":[{"href":"https:\/\/www.retrofrajda.pl\/en\/wp-json\/wp\/v2\/types\/page"}],"author":[{"embeddable":true,"href":"https:\/\/www.retrofrajda.pl\/en\/wp-json\/wp\/v2\/users\/1"}],"replies":[{"embeddable":true,"href":"https:\/\/www.retrofrajda.pl\/en\/wp-json\/wp\/v2\/comments?post=4555"}],"version-history":[{"count":1,"href":"https:\/\/www.retrofrajda.pl\/en\/wp-json\/wp\/v2\/pages\/4555\/revisions"}],"predecessor-version":[{"id":4556,"href":"https:\/\/www.retrofrajda.pl\/en\/wp-json\/wp\/v2\/pages\/4555\/revisions\/4556"}],"up":[{"embeddable":true,"href":"https:\/\/www.retrofrajda.pl\/en\/wp-json\/wp\/v2\/pages\/2481"}],"wp:attachment":[{"href":"https:\/\/www.retrofrajda.pl\/en\/wp-json\/wp\/v2\/media?parent=4555"}],"curies":[{"name":"wp","href":"https:\/\/api.w.org\/{rel}","templated":true}]}}