{"id":4551,"date":"2015-02-04T12:28:03","date_gmt":"2015-02-04T11:28:03","guid":{"rendered":"https:\/\/www.retrofrajda.pl\/workshop\/poradnik\/"},"modified":"2020-12-30T14:38:55","modified_gmt":"2020-12-30T13:38:55","slug":"tips-and-tricks","status":"publish","type":"page","link":"https:\/\/www.retrofrajda.pl\/en\/workshop\/tips-and-tricks\/","title":{"rendered":"Tips and Tricks"},"content":{"rendered":"<p>Czyli \u201ezr\u00f3b to sam\u201d po naszemu. Chc\u0105cym \u2013 radzimy jak stawia\u0107 pierwsze kroki w tworzeniu w\u0142asnego warsztatu, zar\u00f3wno w zakresie umiej\u0119tno\u015bci, jak i niezb\u0119dnych sprz\u0119t\u00f3w i materia\u0142\u00f3w.<br \/>\n\t\t\t\t\t\t\tKorzystaj i zara\u017a si\u0119 pasj\u0105!<\/p>\n","protected":false},"excerpt":{"rendered":"<p>Czyli \u201ezr\u00f3b to sam\u201d po naszemu. Chc\u0105cym \u2013 radzimy jak stawia\u0107 pierwsze kroki w tworzeniu w\u0142asnego warsztatu, zar\u00f3wno w zakresie umiej\u0119tno\u015bci, jak i niezb\u0119dnych sprz\u0119t\u00f3w i materia\u0142\u00f3w. Korzystaj i zara\u017a si\u0119 pasj\u0105!<\/p>\n","protected":false},"author":1,"featured_media":0,"parent":2481,"menu_order":0,"comment_status":"closed","ping_status":"closed","template":"","meta":[],"_links":{"self":[{"href":"https:\/\/www.retrofrajda.pl\/en\/wp-json\/wp\/v2\/pages\/4551"}],"collection":[{"href":"https:\/\/www.retrofrajda.pl\/en\/wp-json\/wp\/v2\/pages"}],"about":[{"href":"https:\/\/www.retrofrajda.pl\/en\/wp-json\/wp\/v2\/types\/page"}],"author":[{"embeddable":true,"href":"https:\/\/www.retrofrajda.pl\/en\/wp-json\/wp\/v2\/users\/1"}],"replies":[{"embeddable":true,"href":"https:\/\/www.retrofrajda.pl\/en\/wp-json\/wp\/v2\/comments?post=4551"}],"version-history":[{"count":1,"href":"https:\/\/www.retrofrajda.pl\/en\/wp-json\/wp\/v2\/pages\/4551\/revisions"}],"predecessor-version":[{"id":4552,"href":"https:\/\/www.retrofrajda.pl\/en\/wp-json\/wp\/v2\/pages\/4551\/revisions\/4552"}],"up":[{"embeddable":true,"href":"https:\/\/www.retrofrajda.pl\/en\/wp-json\/wp\/v2\/pages\/2481"}],"wp:attachment":[{"href":"https:\/\/www.retrofrajda.pl\/en\/wp-json\/wp\/v2\/media?parent=4551"}],"curies":[{"name":"wp","href":"https:\/\/api.w.org\/{rel}","templated":true}]}}