{"id":4549,"date":"2015-02-04T11:50:39","date_gmt":"2015-02-04T10:50:39","guid":{"rendered":"https:\/\/www.retrofrajda.pl\/workshop\/meble\/"},"modified":"2020-12-30T14:36:34","modified_gmt":"2020-12-30T13:36:34","slug":"custom-furniture","status":"publish","type":"page","link":"https:\/\/www.retrofrajda.pl\/en\/workshop\/custom-furniture\/","title":{"rendered":"Custom Furniture"},"content":{"rendered":"<p>Przekona\u0142y\u015bmy si\u0119 nie raz, jak wielk\u0105 frajd\u0119 sprawia otrzymanie mebla w prezencie. Podarunku indywidualnego, \u015bwiadcz\u0105cego o relacji osoby obdarowuj\u0105cej z obdarowan\u0105. Chcemy po\u015bredniczy\u0107 w takich dzia\u0142aniach, wykonuj\u0105c przedmioty, kt\u00f3re wymy\u015blisz i zaprojektujesz dla kogo\u015b bliskiego. Gwarantujemy, \u017ce do\u0142o\u017cymy wszelkich stara\u0144, aby Tw\u00f3j prezent by\u0142 doskonale wykonany i dok\u0142adnie odzwierciedli\u0142 Twoj\u0105 koncepcj\u0119.<br \/>\nNasza us\u0142uga obejmuje r\u00f3wnie\u017c oryginalne zapakowanie i ozdobienie prezentu wraz z za\u0142\u0105czon\u0105 firmow\u0105 kartk\u0105 okoliczno\u015bciow\u0105.<\/p>\n","protected":false},"excerpt":{"rendered":"<p>Przekona\u0142y\u015bmy si\u0119 nie raz, jak wielk\u0105 frajd\u0119 sprawia otrzymanie mebla w prezencie. Podarunku indywidualnego, \u015bwiadcz\u0105cego o relacji osoby obdarowuj\u0105cej z obdarowan\u0105. Chcemy po\u015bredniczy\u0107 w takich dzia\u0142aniach, wykonuj\u0105c przedmioty, kt\u00f3re wymy\u015blisz i zaprojektujesz dla kogo\u015b bliskiego. Gwarantujemy, \u017ce do\u0142o\u017cymy wszelkich stara\u0144, aby Tw\u00f3j prezent by\u0142 doskonale wykonany i dok\u0142adnie odzwierciedli\u0142 Twoj\u0105 koncepcj\u0119. Nasza us\u0142uga obejmuje r\u00f3wnie\u017c [&hellip;]<\/p>\n","protected":false},"author":1,"featured_media":0,"parent":2481,"menu_order":0,"comment_status":"closed","ping_status":"closed","template":"","meta":[],"_links":{"self":[{"href":"https:\/\/www.retrofrajda.pl\/en\/wp-json\/wp\/v2\/pages\/4549"}],"collection":[{"href":"https:\/\/www.retrofrajda.pl\/en\/wp-json\/wp\/v2\/pages"}],"about":[{"href":"https:\/\/www.retrofrajda.pl\/en\/wp-json\/wp\/v2\/types\/page"}],"author":[{"embeddable":true,"href":"https:\/\/www.retrofrajda.pl\/en\/wp-json\/wp\/v2\/users\/1"}],"replies":[{"embeddable":true,"href":"https:\/\/www.retrofrajda.pl\/en\/wp-json\/wp\/v2\/comments?post=4549"}],"version-history":[{"count":1,"href":"https:\/\/www.retrofrajda.pl\/en\/wp-json\/wp\/v2\/pages\/4549\/revisions"}],"predecessor-version":[{"id":4550,"href":"https:\/\/www.retrofrajda.pl\/en\/wp-json\/wp\/v2\/pages\/4549\/revisions\/4550"}],"up":[{"embeddable":true,"href":"https:\/\/www.retrofrajda.pl\/en\/wp-json\/wp\/v2\/pages\/2481"}],"wp:attachment":[{"href":"https:\/\/www.retrofrajda.pl\/en\/wp-json\/wp\/v2\/media?parent=4549"}],"curies":[{"name":"wp","href":"https:\/\/api.w.org\/{rel}","templated":true}]}}