{"id":4547,"date":"2015-02-04T10:24:26","date_gmt":"2015-02-04T09:24:26","guid":{"rendered":"https:\/\/www.retrofrajda.pl\/workshop\/nasza-pracownia\/"},"modified":"2020-12-30T14:35:32","modified_gmt":"2020-12-30T13:35:32","slug":"our-workshop","status":"publish","type":"page","link":"https:\/\/www.retrofrajda.pl\/en\/workshop\/our-workshop\/","title":{"rendered":"Our Workshop"},"content":{"rendered":"<p>NASZA PRACOWNIA  to miejsce, w kt\u00f3rym wszystko kr\u0119ci si\u0119 wok\u00f3\u0142 mebla, stworzone z pasji do drewna i rado\u015bci tworzenia.<br \/>\nPosiadamy umiej\u0119tno\u015bci i do\u015bwiadczenie, pozwalaj\u0105ce nam kompleksowo zrealizowa\u0107 wszystkie Twoje meblowe potrzeby: przeprowadzamy fachowe renowacje, spektakularne metamorfozy, inspirujemy i doradzamy w zakresie aran\u017cacji wn\u0119trz, wykonujemy meble na zam\u00f3wienie, tapicerujemy, wyr\u0119czamy Ci\u0119 z biegania po targach staroci i wyszukujemy tam dla Ciebie rozmaite pere\u0142ki.<br \/>\nPrzed przyst\u0105pieniem do dzia\u0142ania zawsze wsp\u00f3lnie ustalamy zakres prac i ich koszt. Stosujemy jasne zasady wyceny i od razu zabieramy si\u0119 do dzie\u0142a. Mo\u017cesz odwiedzi\u0107 sw\u00f3j mebel na ka\u017cdym etapie naszych dzia\u0142a\u0144 i aktywnie uczestniczy\u0107 w procesie jego renowacji. <\/p>\n<p>Daj si\u0119 ponie\u015b\u0107 Retrofrajdzie!<\/p>\n","protected":false},"excerpt":{"rendered":"<p>NASZA PRACOWNIA to miejsce, w kt\u00f3rym wszystko kr\u0119ci si\u0119 wok\u00f3\u0142 mebla, stworzone z pasji do drewna i rado\u015bci tworzenia. Posiadamy umiej\u0119tno\u015bci i do\u015bwiadczenie, pozwalaj\u0105ce nam kompleksowo zrealizowa\u0107 wszystkie Twoje meblowe potrzeby: przeprowadzamy fachowe renowacje, spektakularne metamorfozy, inspirujemy i doradzamy w zakresie aran\u017cacji wn\u0119trz, wykonujemy meble na zam\u00f3wienie, tapicerujemy, wyr\u0119czamy Ci\u0119 z biegania po targach staroci [&hellip;]<\/p>\n","protected":false},"author":1,"featured_media":0,"parent":2481,"menu_order":0,"comment_status":"closed","ping_status":"closed","template":"","meta":[],"_links":{"self":[{"href":"https:\/\/www.retrofrajda.pl\/en\/wp-json\/wp\/v2\/pages\/4547"}],"collection":[{"href":"https:\/\/www.retrofrajda.pl\/en\/wp-json\/wp\/v2\/pages"}],"about":[{"href":"https:\/\/www.retrofrajda.pl\/en\/wp-json\/wp\/v2\/types\/page"}],"author":[{"embeddable":true,"href":"https:\/\/www.retrofrajda.pl\/en\/wp-json\/wp\/v2\/users\/1"}],"replies":[{"embeddable":true,"href":"https:\/\/www.retrofrajda.pl\/en\/wp-json\/wp\/v2\/comments?post=4547"}],"version-history":[{"count":1,"href":"https:\/\/www.retrofrajda.pl\/en\/wp-json\/wp\/v2\/pages\/4547\/revisions"}],"predecessor-version":[{"id":4548,"href":"https:\/\/www.retrofrajda.pl\/en\/wp-json\/wp\/v2\/pages\/4547\/revisions\/4548"}],"up":[{"embeddable":true,"href":"https:\/\/www.retrofrajda.pl\/en\/wp-json\/wp\/v2\/pages\/2481"}],"wp:attachment":[{"href":"https:\/\/www.retrofrajda.pl\/en\/wp-json\/wp\/v2\/media?parent=4547"}],"curies":[{"name":"wp","href":"https:\/\/api.w.org\/{rel}","templated":true}]}}