{"id":4544,"date":"2015-02-04T11:48:24","date_gmt":"2015-02-04T10:48:24","guid":{"rendered":"https:\/\/www.retrofrajda.pl\/workshop\/magazyn\/"},"modified":"2020-12-30T14:32:25","modified_gmt":"2020-12-30T13:32:25","slug":"depot","status":"publish","type":"page","link":"https:\/\/www.retrofrajda.pl\/en\/workshop\/depot\/","title":{"rendered":"Depot"},"content":{"rendered":"<p>W magazynie znajdziesz zbi\u00f3r przedmiot\u00f3w znalezionych, porzuconych, podarowanych, uratowanych, kupionych na pchlim targu, z histori\u0105 i z dusz\u0105. Je\u015bli co\u015b wpadnie Ci w oko \u2013 zam\u00f3w renowacj\u0119 wed\u0142ug w\u0142asnego pomys\u0142u. [zdj\u0119cia]<\/p>\n","protected":false},"excerpt":{"rendered":"<p>W magazynie znajdziesz zbi\u00f3r przedmiot\u00f3w znalezionych, porzuconych, podarowanych, uratowanych, kupionych na pchlim targu, z histori\u0105 i z dusz\u0105. Je\u015bli co\u015b wpadnie Ci w oko \u2013 zam\u00f3w renowacj\u0119 wed\u0142ug w\u0142asnego pomys\u0142u. [zdj\u0119cia]<\/p>\n","protected":false},"author":1,"featured_media":0,"parent":2481,"menu_order":0,"comment_status":"closed","ping_status":"closed","template":"","meta":[],"_links":{"self":[{"href":"https:\/\/www.retrofrajda.pl\/en\/wp-json\/wp\/v2\/pages\/4544"}],"collection":[{"href":"https:\/\/www.retrofrajda.pl\/en\/wp-json\/wp\/v2\/pages"}],"about":[{"href":"https:\/\/www.retrofrajda.pl\/en\/wp-json\/wp\/v2\/types\/page"}],"author":[{"embeddable":true,"href":"https:\/\/www.retrofrajda.pl\/en\/wp-json\/wp\/v2\/users\/1"}],"replies":[{"embeddable":true,"href":"https:\/\/www.retrofrajda.pl\/en\/wp-json\/wp\/v2\/comments?post=4544"}],"version-history":[{"count":2,"href":"https:\/\/www.retrofrajda.pl\/en\/wp-json\/wp\/v2\/pages\/4544\/revisions"}],"predecessor-version":[{"id":4546,"href":"https:\/\/www.retrofrajda.pl\/en\/wp-json\/wp\/v2\/pages\/4544\/revisions\/4546"}],"up":[{"embeddable":true,"href":"https:\/\/www.retrofrajda.pl\/en\/wp-json\/wp\/v2\/pages\/2481"}],"wp:attachment":[{"href":"https:\/\/www.retrofrajda.pl\/en\/wp-json\/wp\/v2\/media?parent=4544"}],"curies":[{"name":"wp","href":"https:\/\/api.w.org\/{rel}","templated":true}]}}