{"id":2387,"date":"2015-01-13T08:56:36","date_gmt":"2015-01-13T07:56:36","guid":{"rendered":"https:\/\/www.retrofrajda.pl\/?page_id=2387"},"modified":"2015-01-13T17:22:17","modified_gmt":"2015-01-13T16:22:17","slug":"returns","status":"publish","type":"page","link":"https:\/\/www.retrofrajda.pl\/en\/returns\/","title":{"rendered":"Returns and Cancellations"},"content":{"rendered":"<p>Sprzedawca dok\u0142ada wszelkich stara\u0144, aby opis produkt\u00f3w prezentowanych w serwisie odpowiada\u0142 jak najwierniej ich stanowi faktycznemu i w ten spos\u00f3b umo\u017cliwia\u0142 Klientowi podj\u0119cie decyzji o zakupie. Z do\u015bwiadczenia wiemy, \u017ce i tak zazwyczaj przed samym z\u0142o\u017ceniem zam\u00f3wienia przez Klienta udzialamy dodatkowych informacji na \u017cyczenie. W przypadku gdyby Klient z r\u00f3\u017cnych wzgl\u0119d\u00f3w chcia\u0142by dokona\u0107 zwrotu &#8211; istnieje taka mo\u017cliwo\u015b\u0107 na poni\u017cej wymienionych warunkach. Z naszego punktu widzenia najwa\u017cniejsze jest, aby produkt wr\u00f3ci\u0142 do nas w stanie nienaruszonym &#8211; tak aby bez dodatkowych koszt\u00f3w mo\u017cna go by\u0142o z powrotem wprowadzi\u0107 do oferty. <\/p>\n<p>Anulowanie zam\u00f3wienia:<\/p>\n<ul>\n<li>Klient mo\u017ce anulowa\u0107 zam\u00f3wienie, je\u017celi produkt nie zosta\u0142 jeszcze przez nas wys\u0142any; w takim przypadku zwracamy Klientowi wszystkie otrzymane przez nas \u015brodki pieni\u0119\u017cne zwi\u0105zane z tym zam\u00f3wieniem; w przypadku gdy produkt ju\u017c zosta\u0142 wys\u0142any oboowi\u0105zuj\u0105 warunki zwrot\u00f3w opisane poni\u017cej<\/li>\n<\/ul>\n<p>Og\u00f3lne warunki zwrot\u00f3w:<\/p>\n<ul>\n<li>Zwrotu mo\u017cna dokona\u0107 w terminie 14 dni od daty otrzymania produktu przez Klienta<\/li>\n<li>Produkt powinien zosta\u0107 zwr\u00f3cony w stanie nienaruszonym<\/li>\n<li>Koszty przesy\u0142ki zwrotnej ponosi klient (zabezpieczenia produktu przed transportem, koszt transportu i\/lub ubezpieczenie transportu)<\/li>\n<li>Zwrot p\u0142atno\u015bci otrzymanej przez nas od Kupuj\u0105cego nastapi w terminie do 7 dni od otrzymania przez nas produktu z powrotem; preferowan\u0105 przez nas metod\u0105 p\u0142atno\u015bci jest przelew bankowy na konto Kupuj\u0105cego<\/li>\n<li>W przypadku stwierdzenia istotnych uszkodze\u0144 w zwr\u00f3conym produkcie &#8211; pomniejszymy zwracan\u0105 kwot\u0119 Kupuj\u0105cemu o nasze koszty zwi\u0105zane z usuni\u0119ciem uszkodzenia<\/li>\n<li>Zawsze istnieje mo\u017cliwo\u015b\u0107 zamiany na inny produkt<\/li>\n<\/ul>\n<p>Szczeg\u00f3\u0142owe regulacje dotycz\u0105ce procedury zwrot\u00f3w w <a href=\"\/regulamin#zwroty\">Regulaminie \u00a7 8 ZWROT ZAKUPIONYCH PRODUKT\u00d3W<a><\/p>\n","protected":false},"excerpt":{"rendered":"<p>Sprzedawca dok\u0142ada wszelkich stara\u0144, aby opis produkt\u00f3w prezentowanych w serwisie odpowiada\u0142 jak najwierniej ich stanowi faktycznemu i w ten spos\u00f3b umo\u017cliwia\u0142 Klientowi podj\u0119cie decyzji o zakupie. Z do\u015bwiadczenia wiemy, \u017ce i tak zazwyczaj przed samym z\u0142o\u017ceniem zam\u00f3wienia przez Klienta udzialamy dodatkowych informacji na \u017cyczenie. W przypadku gdyby Klient z r\u00f3\u017cnych wzgl\u0119d\u00f3w chcia\u0142by dokona\u0107 zwrotu &#8211; [&hellip;]<\/p>\n","protected":false},"author":1,"featured_media":0,"parent":0,"menu_order":0,"comment_status":"closed","ping_status":"closed","template":"","meta":[],"_links":{"self":[{"href":"https:\/\/www.retrofrajda.pl\/en\/wp-json\/wp\/v2\/pages\/2387"}],"collection":[{"href":"https:\/\/www.retrofrajda.pl\/en\/wp-json\/wp\/v2\/pages"}],"about":[{"href":"https:\/\/www.retrofrajda.pl\/en\/wp-json\/wp\/v2\/types\/page"}],"author":[{"embeddable":true,"href":"https:\/\/www.retrofrajda.pl\/en\/wp-json\/wp\/v2\/users\/1"}],"replies":[{"embeddable":true,"href":"https:\/\/www.retrofrajda.pl\/en\/wp-json\/wp\/v2\/comments?post=2387"}],"version-history":[{"count":7,"href":"https:\/\/www.retrofrajda.pl\/en\/wp-json\/wp\/v2\/pages\/2387\/revisions"}],"predecessor-version":[{"id":2437,"href":"https:\/\/www.retrofrajda.pl\/en\/wp-json\/wp\/v2\/pages\/2387\/revisions\/2437"}],"wp:attachment":[{"href":"https:\/\/www.retrofrajda.pl\/en\/wp-json\/wp\/v2\/media?parent=2387"}],"curies":[{"name":"wp","href":"https:\/\/api.w.org\/{rel}","templated":true}]}}