{"id":1301,"date":"2014-12-10T10:15:02","date_gmt":"2014-12-10T09:15:02","guid":{"rendered":"http:\/\/www.retrofrajda.pl\/?page_id=1301"},"modified":"2020-12-27T11:16:39","modified_gmt":"2020-12-27T10:16:39","slug":"privacy-policy","status":"publish","type":"page","link":"https:\/\/www.retrofrajda.pl\/en\/privacy-policy\/","title":{"rendered":"Privacy Policy"},"content":{"rendered":"<p>POLITYKA PRYWATNO\u015aCI I POLITYKA PLIK\u00d3W COOKIES<\/p>\n<p>1. Dokonuj\u0105c rejestracji w Sklepie, Klient dobrowolnie wyra\u017ca zgod\u0119 na przetwarzanie swoich danych osobowych, zachowuj\u0105c prawo do wgl\u0105du, poprawy i usuni\u0119cia ich z bazy.<br \/>\n2. Sprzedawca jest administratorem danych osobowych dotycz\u0105cych Zamawiaj\u0105cych. Sprzedawca przestrzega zasad ustawy o ochronie danych osobowych z dnia 29 sierpnia 1997r. oraz ustawy o \u015bwiadczeniu us\u0142ug drog\u0105 elektroniczn\u0105 z dnia 18 lipca 2002r. Dane osobowe, zawarte w niniejszej umowie, Sprzedawca b\u0119dzie przetwarza\u0107 wy\u0142\u0105cznie w celu zawarcia i realizacji przedmiotowej transakcji oraz dzia\u0142a\u0144 marketingowych i nie b\u0119dzie udost\u0119pnia\u0107 innym podmiotom z wyj\u0105tkiem podmiot\u00f3w uprawnionych zgodnie z przepisach powszechnie obowi\u0105zuj\u0105cych oraz z zastrze\u017ceniem przepis\u00f3w niniejszego dzia\u0142u. Sprzedaj\u0105cy informuje niniejszym o prawie osoby udost\u0119pniaj\u0105cej swoje dane do wgl\u0105du do danych oraz ich poprawiania zgodnie z art. 32 \u2013 35 ustawy o ochronie danych osobowych. Dane osobowe Klient\u00f3w oraz ich adresy e-mail nie s\u0105 udost\u0119pniane podmiotom trzecim, za wyj\u0105tkiem:  firm po\u015brednicz\u0105cych w transakcjach p\u0142atniczych, dla kt\u00f3rych dane te s\u0105 niezb\u0119dne do realizacji p\u0142atno\u015bci; oraz dostawc\u00f3w, dla kt\u00f3rych dane te s\u0105 niezb\u0119dne do dostarczenia przesy\u0142ki.<br \/>\n3. W czasie wizyty na stronie internetowej sklepu, automatycznie gromadzone s\u0105 pliki cookies (ma\u0142e pliki tekstowe zapisywane na komputerze u\u017cytkownika), przechowuj\u0105ce informacje zwi\u0105zane z korzystaniem ze Sklepu. Dotycz\u0105 one identyfikacji sesji (w kt\u00f3rej z kolei znajduj\u0105 si\u0119 zakodowane informacje o zalogowaniu, produktach w koszyku, produktach ostatnio ogl\u0105danych oraz ustawienia sortowania i widoku produkt\u00f3w) oraz ustawie\u0144 obs\u0142ugi witryny Sklepu, s\u0142u\u017c\u0105c optymalizacji korzystania z witryny Sklepu. W ramach Sklepu stosowane s\u0105 pliki cookies sesyjne, b\u0119d\u0105ce plikami tymczasowymi, przechowywanymi na urz\u0105dzeniu (np. komputerze, smartfonie) u\u017cytkownika do momentu wylogowania, opuszczenia strony internetowej lub wy\u0142\u0105czenia przegl\u0105darki. W ramach Sklepu stosowane s\u0105 tak\u017ce pliki cookies sta\u0142e, kt\u00f3re pozostaj\u0105 w pami\u0119ci urz\u0105dzenia (np. w komputerze, smartfonie) u\u017cytkownika przez czas okre\u015blony w ich parametrach lub do momentu ich r\u0119cznego usuni\u0119cia przez u\u017cytkownika, w opcjach dost\u0119pnych w ustawieniach przegl\u0105darki internetowej.<br \/>\n4. Sklep korzysta z Google Analytics, serwisu analityki internetowej udost\u0119pnionego przez Google Inc. (\u201cGoogle\u201d). Google Analytics gromadzi pliki cookies stanowi\u0105ce informacje dotycz\u0105ce ogl\u0105dalno\u015bci stron internetowych oraz profilu systemowego u\u017cytkownika (w\u0142\u0105cznie z jego adresem IP). Informacje te s\u0105 przekazywane sp\u00f3\u0142ce Google i przechowywane przez ni\u0105 na serwerach w Stanach Zjednoczonych. Google u\u017cywa tych informacji w celu oceny korzystania z witryny przez u\u017cytkownika, tworzenia raport\u00f3w dotycz\u0105cych ruchu na stronach dla operator\u00f3w witryn oraz \u015bwiadczenia innych us\u0142ug zwi\u0105zanych z ruchem na witrynach internetowych i korzystaniem z Internetu. Adresy IP u\u017cytkownik\u00f3w nie s\u0105 \u0142\u0105czone z \u017cadnymi innymi danymi b\u0119d\u0105cymi w posiadaniu Google.<br \/>\n5. W przypadku, gdy \u017ar\u00f3d\u0142em odwiedzin danego u\u017cytkownika s\u0105 kreacje reklamowe emitowane przez podmioty wsp\u00f3\u0142pracuj\u0105ce ze Sklepem w modelu rozliczeniowym CPA (\u201eCost Per Action\u201d), tworzone s\u0105 pliki cookies zawieraj\u0105ce identyfikacj\u0119 sesji, a po ostatnim kroku sk\u0142adania zam\u00f3wienia, dane o jego numerze i kwocie s\u0105 przekazywane do tych firm, jako niezb\u0119dne do cel\u00f3w rozliczeniowych.<br \/>\n6. Podmioty gospodarcze wymienione w niniejszym dokumencie, danych kt\u00f3rymi dysponuj\u0105 o u\u017cytkownikach Sklepu, nie mog\u0105 przekazywa\u0107 osobom trzecim, chyba \u017ce b\u0119d\u0105 zobowi\u0105zane uczyni\u0107 to na podstawie przepis\u00f3w prawa.<br \/>\n7. Niniejszym, u\u017cytkownik zostaje poinformowany, \u017ce korzystanie z niniejszej witryny internetowej Sklepu jest r\u00f3wnoznaczne z wyra\u017ceniem zgody na przetwarzanie przez podmioty wymienione w niniejszym dokumencie, dotycz\u0105cych go danych w spos\u00f3b i w celach okre\u015blonych w tym dokumencie.<\/p>\n<p>Odno\u015bnie plik\u00f3w cookies, u\u017cytkownik mo\u017ce wyrazi\u0107 zgod\u0119 na stosowanie plik\u00f3w cookies za pomoc\u0105 ustawie\u0144 przegl\u0105darki. U\u017cytkownik mo\u017ce tak\u017ce zrezygnowa\u0107 z cookies wybieraj\u0105c odpowiednie ustawienia na przegl\u0105darce internetowej. Ustawienia te mog\u0105 zosta\u0107 zmienione tak aby blokowa\u0107 automatyczn\u0105 obs\u0142ug\u0119 plik\u00f3w \u201ecookies\u201d w ustawieniach przegl\u0105darki internetowej b\u0105d\u017a informowa\u0107 o ich ka\u017cdorazowym przes\u0142aniu na urz\u0105dzenie u\u017cytkownika. Szczeg\u00f3\u0142owe informacje odno\u015bnie mo\u017cliwo\u015bci i sposobach obs\u0142ugi plik\u00f3w cookies dost\u0119pne s\u0105 w ustawieniach przegl\u0105darki internetowej. Nale\u017cy jednak pami\u0119ta\u0107, \u017ce w przypadku usuwania b\u0105d\u017a ograniczenia korzystania z plik\u00f3w cookies, korzystanie z niekt\u00f3rych funkcjonalno\u015bci witryny Sklepu mo\u017ce by\u0107 utrudnione lub niemo\u017cliwe.<\/p>\n<p>Wi\u0119cej informacji na temat plik\u00f3w cookies dost\u0119pnych jest pod adresem www.wszystkoociasteczkach.pl lub w sekcji \u201ePomoc\u201d w menu przegl\u0105darki internetowej.<\/p>\n<p>8. Korzystanie z niekt\u00f3rych opcji serwisu, jak np. historia zakup\u00f3w, jest mo\u017cliwe tylko po dokonaniu rejestracji. Rejestracja jest dobrowolna i nie wymaga si\u0119 jej do z\u0142o\u017cenia zam\u00f3wienia. W czasie rejestracji Klient jest proszony o podanie imienia i nazwiska, adresu zamieszkania, adresu e-mail, nr. telefonu, a tak\u017ce dowolnie przyj\u0119tego loginu i has\u0142a. Czynno\u015bci rejestracyjne dokonywane s\u0105 jednorazowo, a kolejne Zam\u00f3wienia realizowane s\u0105 na podstawie logowania si\u0119 Zamawiaj\u0105cego w Sklepie poprzez podanie loginu i ustalonego has\u0142a.<br \/>\n9. Login i has\u0142o maj\u0105 charakter poufny. Zamawiaj\u0105cy ponosi wy\u0142\u0105czn\u0105 odpowiedzialno\u015b\u0107 za szkody spowodowane ujawnieniem go osobom trzecim. Zamawiaj\u0105cy korzystaj\u0105cy z loginu i has\u0142a zobowi\u0105zany jest do aktualizacji swoich danych podanych przy rejestracji, ka\u017cdorazowo w przypadku ich zmiany. Odpowiedzialno\u015b\u0107 za brak aktualizacji danych ponosi Zamawiaj\u0105cy.<br \/>\n10. Klienci, kt\u00f3rzy nie s\u0105 zarejestrowani, r\u00f3wnie\u017c mog\u0105 sk\u0142ada\u0107 Zam\u00f3wienia, w\u00f3wczas przy ka\u017cdym zakupie b\u0119d\u0105 proszeni o podanie imienia, nazwiska, adresu dostawy oraz nr. telefonu i adresu poczty e-mail.<br \/>\n11. Dane gromadzone podczas rejestracji lub zakupu s\u0105 wykorzystane do prawid\u0142owej realizacji Zam\u00f3wie\u0144, a tak\u017ce do \u015bledzenia statusu Zam\u00f3wienia i dokonywania w nim zmian na \u017cyczenie Klienta zanim zostanie wys\u0142ane. Klienci zachowuj\u0105 prawo do wgl\u0105du, poprawy oraz usuni\u0119cia swoich danych z bazy adresowej po zrealizowaniu Zam\u00f3wienia zgodnie z art. 32 \u2013 35 ustawy o ochronie danych osobowych. Czynno\u015bci tych dokona\u0107 mo\u017cna z poziomu strony internetowej sklepu po zalogowaniu lub te\u017c poprzez kontakt z obs\u0142ug\u0105 Sklepu.<br \/>\n12. Ka\u017cdorazowy kontakt z obs\u0142ug\u0105 Sklepu za po\u015brednictwem telefonu lub poczty e-mail, wi\u0105\u017ce si\u0119 z wykorzystaniem podanych danych w celu udzielenia odpowiedzi. Obs\u0142uga Sklepu kontaktuje si\u0119 z Klientami za po\u015brednictwem tych samych kana\u0142\u00f3w komunikacji.<br \/>\n12. Po z\u0142o\u017ceniu zam\u00f3wienia, na podany adres e-mail wysy\u0142ane jest potwierdzenie przyj\u0119cia zam\u00f3wienia do realizacji, a w nast\u0119pnej kolejno\u015bci bie\u017c\u0105ce informacje o przebiegu tego zam\u00f3wienia. Klienci, kt\u00f3rzy wyrazili zgod\u0119 na otrzymywanie informacji o nowo\u015bciach i promocjach, t\u0105 sam\u0105 drog\u0105 otrzymuj\u0105 wiadomo\u015bci z aktualnym wydarzeniami w Sklepie. Z us\u0142ugi newsletter mo\u017cna zrezygnowa\u0107 w dowolnym momencie korzystaj\u0105c z formularza na stronie internetowej lub wysy\u0142aj\u0105c maila z informacj\u0105 o rezygnacji.<\/p>\n<p>Podmiot zbieraj\u0105cy dane:<\/p>\n<p>RETROFRAJDA<br \/>\nul. \u017beglarska 36<br \/>\n53-213 Wroc\u0142aw<\/p>\n","protected":false},"excerpt":{"rendered":"<p>POLITYKA PRYWATNO\u015aCI I POLITYKA PLIK\u00d3W COOKIES 1. Dokonuj\u0105c rejestracji w Sklepie, Klient dobrowolnie wyra\u017ca zgod\u0119 na przetwarzanie swoich danych osobowych, zachowuj\u0105c prawo do wgl\u0105du, poprawy i usuni\u0119cia ich z bazy. 2. Sprzedawca jest administratorem danych osobowych dotycz\u0105cych Zamawiaj\u0105cych. Sprzedawca przestrzega zasad ustawy o ochronie danych osobowych z dnia 29 sierpnia 1997r. oraz ustawy o \u015bwiadczeniu [&hellip;]<\/p>\n","protected":false},"author":1,"featured_media":0,"parent":0,"menu_order":0,"comment_status":"closed","ping_status":"open","template":"","meta":[],"_links":{"self":[{"href":"https:\/\/www.retrofrajda.pl\/en\/wp-json\/wp\/v2\/pages\/1301"}],"collection":[{"href":"https:\/\/www.retrofrajda.pl\/en\/wp-json\/wp\/v2\/pages"}],"about":[{"href":"https:\/\/www.retrofrajda.pl\/en\/wp-json\/wp\/v2\/types\/page"}],"author":[{"embeddable":true,"href":"https:\/\/www.retrofrajda.pl\/en\/wp-json\/wp\/v2\/users\/1"}],"replies":[{"embeddable":true,"href":"https:\/\/www.retrofrajda.pl\/en\/wp-json\/wp\/v2\/comments?post=1301"}],"version-history":[{"count":3,"href":"https:\/\/www.retrofrajda.pl\/en\/wp-json\/wp\/v2\/pages\/1301\/revisions"}],"predecessor-version":[{"id":4153,"href":"https:\/\/www.retrofrajda.pl\/en\/wp-json\/wp\/v2\/pages\/1301\/revisions\/4153"}],"wp:attachment":[{"href":"https:\/\/www.retrofrajda.pl\/en\/wp-json\/wp\/v2\/media?parent=1301"}],"curies":[{"name":"wp","href":"https:\/\/api.w.org\/{rel}","templated":true}]}}